{"id":2,"date":"2010-03-31T14:21:15","date_gmt":"2010-03-31T12:21:15","guid":{"rendered":"http:\/\/interactive.stylishmedia.de\/?page_id=2"},"modified":"2010-05-31T11:00:13","modified_gmt":"2010-05-31T09:00:13","slug":"eine-seite","status":"publish","type":"page","link":"https:\/\/interactive.stylishmedia.de\/?page_id=2","title":{"rendered":"Impressum"},"content":{"rendered":"<h3>Verantwortlich f\u00fcr den Inhalt:<\/h3>\n<p><strong>Jens Walz<\/strong>, 4. Semester Informationsdesign<br \/>\n<a href=\"mailto:jens.walz@stylishmedia.de\">jens.walz@stylishmedia.de<\/a><\/p>\n<p><strong>Vassilios Katsaros<\/strong>, 4. Semester Informationsdesign<br \/>\n<a href=\"mailto:blog@stylishmedia.de\">blog@stylishmedia.de<\/a><\/p>\n<h3>Studiengang Informationsdesign:<\/h3>\n<p>Hochschule der Medien<br \/>\n&#8211; Informationsdesign &#8211;<br \/>\nWolframstra\u00dfe 32<br \/>\n70191 Stuttgart<\/p>\n<p>Telefon: (07 11) 2 57 06-0<br \/>\nFax: (07 11) 2 57 06-30<\/p>\n<hr \/>\n<h3>Haftungsausschluss<\/h3>\n<p><strong>1. Inhalt des Onlineangebotes:<\/strong><br \/>\nDer Autor \u00fcbernimmt keinerlei Gew\u00e4hr f\u00fcr die Aktualit\u00e4t, Korrektheit,  Vollst\u00e4ndigkeit oder Qualit\u00e4t der bereitgestellten Informationen.  Haftungsanspr\u00fcche gegen den Autor, welche sich auf Sch\u00e4den materieller  oder ideeller Art beziehen, die durch die Nutzung oder Nichtnutzung der  dargebotenen Informationen bzw. durch die Nutzung fehlerhafter und  unvollst\u00e4ndiger Informationen verursacht wurden, sind grunds\u00e4tzlich  ausgeschlossen, sofern seitens des Autors kein nachweislich  vors\u00e4tzliches oder grob fahrl\u00e4ssiges Verschulden vorliegt.<\/p>\n<p>Alle Angebote sind freibleibend und  unverbindlich. Der Autor beh\u00e4lt es sich ausdr\u00fccklich vor, Teile der  Seiten oder das gesamte Angebot ohne gesonderte Ank\u00fcndigung zu  ver\u00e4ndern, zu erg\u00e4nzen, zu l\u00f6schen oder die Ver\u00f6ffentlichung zeitweise  oder endg\u00fcltig einzustellen.<\/p>\n<p><strong>2. Verweise und Links <\/strong><br \/>\nBei direkten oder indirekten Verweisen auf fremde Internetseiten  (\u201dLinks\u201d), die au\u00dferhalb des Verantwortungsbereiches des Autors liegen,  w\u00fcrde eine Haftungsverpflichtung ausschlie\u00dflich in dem Fall in Kraft  treten, in dem der Autor von den Inhalten Kenntnis hat und es ihm  technisch m\u00f6glich und zumutbar w\u00e4re, die Nutzung im Falle rechtswidriger  Inhalte zu verhindern.<br \/>\nDer Autor erkl\u00e4rt hiermit ausdr\u00fccklich, dass zum Zeitpunkt der  Linksetzung keine illegalen Inhalte auf den zu verlinkenden Seiten  erkennbar waren. Auf die aktuelle und zuk\u00fcnftige Gestaltung, die Inhalte  oder die Urheberschaft der gelinkten\/verkn\u00fcpften Seiten hat der Autor  keinerlei Einfluss. Deshalb distanziert er sich hiermit ausdr\u00fccklich von  allen Inhalten aller verlinkten \/verkn\u00fcpften Seiten, die nach der  Linksetzung ver\u00e4ndert wurden. Diese Feststellung gilt f\u00fcr alle innerhalb  des eigenen Internetangebotes gesetzten Links und Verweise sowie f\u00fcr  Fremdeintr\u00e4ge in vom Autor eingerichteten G\u00e4steb\u00fcchern, Diskussionsforen  und Mailinglisten. F\u00fcr illegale, fehlerhafte oder unvollst\u00e4ndige  Inhalte und insbesondere f\u00fcr Sch\u00e4den, die aus der Nutzung oder  Nichtnutzung solcherart dargebotener Informationen entstehen, haftet  allein der Anbieter der Seite, auf welche verwiesen wurde, nicht  derjenige, der \u00fcber Links auf die jeweilige Ver\u00f6ffentlichung lediglich  verweist.<\/p>\n<p><strong>3. Urheber- und Kennzeichenrecht <\/strong><br \/>\nDer Autor ist bestrebt, in allen Publikationen die Urheberrechte der  verwendeten Grafiken, Tondokumente, Videosequenzen und Texte zu  beachten, von ihm selbst erstellte Grafiken, Tondokumente,  Videosequenzen und Texte zu nutzen oder auf lizenzfreie Grafiken,  Tondokumente, Videosequenzen und Texte zur\u00fcckzugreifen.<\/p>\n<p>Alle innerhalb des Internetangebotes  genannten und ggf. durch Dritte gesch\u00fctzten Marken- und Warenzeichen  unterliegen uneingeschr\u00e4nkt den Bestimmungen des jeweils g\u00fcltigen  Kennzeichenrechts und den Besitzrechten der jeweiligen eingetragenen  Eigent\u00fcmer. Allein aufgrund der blo\u00dfen Nennung ist nicht der Schlu\u00df zu  ziehen, dass Markenzeichen nicht durch Rechte Dritter gesch\u00fctzt sind!  Das Copyright f\u00fcr ver\u00f6ffentlichte, vom Autor selbst erstellte Objekte  bleibt allein beim Autor der Seiten. Eine Vervielf\u00e4ltigung oder  Verwendung solcher Grafiken, Tondokumente, Videosequenzen und Texte in  anderen elektronischen oder gedruckten Publikationen ist ohne  ausdr\u00fcckliche Zustimmung des Autors nicht gestattet.<\/p>\n<p><strong>4. Rechtswirksamkeit dieses  Haftungsausschlusses<\/strong><br \/>\nDieser Haftungsausschluss ist als Teil des Internetangebotes zu  betrachten, von dem aus auf diese Seite verwiesen wurde. Sofern Teile  oder einzelne Formulierungen dieses Textes der geltenden Rechtslage  nicht, nicht mehr oder nicht vollst\u00e4ndig entsprechen sollten, bleiben  die \u00fcbrigen Teile des Dokumentes in ihrem Inhalt und ihrer G\u00fcltigkeit  davon unber\u00fchrt.<\/p>\n","protected":false},"excerpt":{"rendered":"<p>Verantwortlich f\u00fcr den Inhalt: Jens Walz, 4. Semester Informationsdesign jens.walz@stylishmedia.de Vassilios Katsaros, 4. Semester Informationsdesign blog@stylishmedia.de Studiengang Informationsdesign: Hochschule der Medien &#8211; Informationsdesign &#8211; Wolframstra\u00dfe 32 70191 Stuttgart Telefon: (07 11) 2 57 06-0 Fax: (07 11) 2 57 06-30 Haftungsausschluss 1. Inhalt des Onlineangebotes: Der Autor \u00fcbernimmt keinerlei Gew\u00e4hr f\u00fcr die Aktualit\u00e4t, Korrektheit, Vollst\u00e4ndigkeit [&hellip;]<\/p>\n","protected":false},"author":1,"featured_media":0,"parent":0,"menu_order":0,"comment_status":"open","ping_status":"open","template":"","meta":{"footnotes":""},"class_list":["post-2","page","type-page","status-publish","hentry"],"_links":{"self":[{"href":"https:\/\/interactive.stylishmedia.de\/index.php?rest_route=\/wp\/v2\/pages\/2","targetHints":{"allow":["GET"]}}],"collection":[{"href":"https:\/\/interactive.stylishmedia.de\/index.php?rest_route=\/wp\/v2\/pages"}],"about":[{"href":"https:\/\/interactive.stylishmedia.de\/index.php?rest_route=\/wp\/v2\/types\/page"}],"author":[{"embeddable":true,"href":"https:\/\/interactive.stylishmedia.de\/index.php?rest_route=\/wp\/v2\/users\/1"}],"replies":[{"embeddable":true,"href":"https:\/\/interactive.stylishmedia.de\/index.php?rest_route=%2Fwp%2Fv2%2Fcomments&post=2"}],"version-history":[{"count":4,"href":"https:\/\/interactive.stylishmedia.de\/index.php?rest_route=\/wp\/v2\/pages\/2\/revisions"}],"predecessor-version":[{"id":128,"href":"https:\/\/interactive.stylishmedia.de\/index.php?rest_route=\/wp\/v2\/pages\/2\/revisions\/128"}],"wp:attachment":[{"href":"https:\/\/interactive.stylishmedia.de\/index.php?rest_route=%2Fwp%2Fv2%2Fmedia&parent=2"}],"curies":[{"name":"wp","href":"https:\/\/api.w.org\/{rel}","templated":true}]}}